{"id":1519,"date":"2022-06-29T11:43:39","date_gmt":"2022-06-29T11:43:39","guid":{"rendered":"https:\/\/mitjamenorca.com\/?page_id=1519"},"modified":"2024-07-23T12:04:14","modified_gmt":"2024-07-23T12:04:14","slug":"reglament-mitja","status":"publish","type":"page","link":"https:\/\/mitjamenorca.com\/?page_id=1519","title":{"rendered":"Reglament Mitja"},"content":{"rendered":"<div data-colibri-id=\"1519-c1\" class=\"style-982 style-local-1519-c1 position-relative\">\r\n  <!---->\r\n  <div data-colibri-component=\"section\" data-colibri-id=\"1519-c2\" id=\"initial-content\" class=\"h-section h-section-global-spacing d-flex align-items-lg-center align-items-md-center align-items-center style-983 style-local-1519-c2 position-relative\">\r\n    <!---->\r\n    <!---->\r\n    <div class=\"h-section-grid-container h-section-boxed-container\">\r\n      <!---->\r\n      <div data-colibri-id=\"1519-c9\" class=\"h-row-container gutters-row-lg-2 gutters-row-md-2 gutters-row-0 gutters-row-v-lg-2 gutters-row-v-md-2 gutters-row-v-2 style-990 style-local-1519-c9 position-relative\">\r\n        <!---->\r\n        <div class=\"h-row justify-content-lg-center justify-content-md-center justify-content-center align-items-lg-stretch align-items-md-stretch align-items-stretch gutters-col-lg-2 gutters-col-md-2 gutters-col-0 gutters-col-v-lg-2 gutters-col-v-md-2 gutters-col-v-2\">\r\n          <!---->\r\n          <div class=\"h-column h-column-container d-flex h-col-lg-auto h-col-md-auto h-col-auto style-991-outer style-local-1519-c10-outer\">\r\n            <div data-colibri-id=\"1519-c10\" class=\"d-flex h-flex-basis h-column__inner h-px-lg-2 h-px-md-2 h-px-2 v-inner-lg-2 v-inner-md-2 v-inner-2 style-991 style-local-1519-c10 position-relative\">\r\n              <!---->\r\n              <!---->\r\n              <div class=\"w-100 h-y-container h-column__content h-column__v-align flex-basis-100 align-self-lg-start align-self-md-start align-self-start\">\r\n                <!---->\r\n                <div data-colibri-id=\"1519-c11\" class=\"h-text h-text-component style-992 style-local-1519-c11 position-relative h-element\">\r\n                  <!---->\r\n                  <!---->\r\n                  <div class=\"\">\r\n                    <p><strong style=\"font-size: 12pt;\">Art. 1. Organitzaci\u00f3 <\/strong><span style=\"font-size: 12pt;\">\u2013La Penya Esportiva Son Mar\u00e7al Xtrem Menorca Atletisme, la Delegaci\u00f3 a Menorca de la FAIB, la Conselleria d&#8217;esports del Consell Insular de Menorca, l&#8217;Ajuntament de Ciutadella de Menorca, i produ\u00eft per l&#8217;empresa Elitechip SL, organitzen el XV 10 km Illa de Menorca i la XXVI Mitja Marat\u00f3 Illa de Menorca el proper dia 1 de Novembre de 2026.<\/span><\/p>\r\n                    <p><strong style=\"font-size: 12pt;\">Art. 2.- Dist\u00e0ncia &#8211; <\/strong><span style=\"font-size: 12pt;\">Les dist\u00e0ncies en metres, s&#8217;ajustaran a la normativa de la R.F.E.A. i seran les que corresponen als recorreguts de 10 km i mitja marat\u00f3 (21.097 Metres) amb certificat d&#8217;homologaci\u00f3.<\/span><\/p>\r\n                    <p><strong style=\"font-size: 12pt;\">Art.3.- Recorregut &#8211; <\/strong><span style=\"font-size: 12pt;\">El recorregut es realitzar\u00e0 en un circuit urb\u00e0 pel passeig mar\u00edtim del port de Ciutadella i el casc antic; la sortida i l\u2019arribada estaran situades en la pla\u00e7a del Born de Ciutadella. Aquest consistir\u00e0 en un circuit d\u2019uns 10.000 metres i s\u2019haur\u00e0 de realitzar 1 volta per completar la dist\u00e0ncia de 10.000 m i 2 voltes per completar la dist\u00e0ncia de 21.097 metres. A la zona de Meta estar\u00e0 situada la zona d\u2019avituallament. En aquesta edici\u00f3 el circuit estar\u00e0 completament tancat al tr\u00e0fic i senyalitzat amb cons i cinta<\/span><\/p>\r\n                    <p><strong style=\"font-size: 12pt;\">Art.4.- Categorias &#8211;<\/strong><span style=\"font-size: 12pt;\">Les categories de la XXVI Mitja Marat\u00f3 Illa de Menorca son les seg\u00fcents:<\/span><\/p>\r\n                    <ul>\r\n                      <li><span style=\"font-size: 12pt;\">SUB-20 (Any de naixement 2007-2008)<\/span><\/li>\r\n                      <li><span style=\"font-size: 12pt;\">SUB-23 (Any de naixement 2004-2005-2006)<\/span><\/li>\r\n                      <li><span style=\"font-size: 12pt;\">S\u00e8nior (Fins 34 anys)<\/span><\/li>\r\n                      <li><span style=\"font-size: 12pt;\">Veterans 35 (De 35 a 39 anys)<\/span><\/li>\r\n                      <li><span style=\"font-size: 12pt;\">Veterans 40 (De 40 a 44 anys)<\/span><\/li>\r\n                      <li><span style=\"font-size: 12pt;\">Veterans 45 (De 45 a 49 anys)<\/span><\/li>\r\n                      <li><span style=\"font-size: 12pt;\">Veterans 50 (De 50 a 54 anys)<\/span><\/li>\r\n                      <li><span style=\"font-size: 12pt;\">Veterans 55 (De 55 a 59 anys)<\/span><\/li>\r\n                      <li><span style=\"font-size: 12pt;\">Veterans 60 (De 60 a 64 anys)<\/span><\/li>\r\n                      <li><span style=\"font-size: 12pt;\">Veterans 65 (+ de 65 anys)<\/span><\/li>\r\n                    <\/ul>\r\n                    <p><span style=\"font-size: 12pt;\">Les categories del XV 10 Km Illa de Menorca son les seg\u00fcents:<\/span><\/p>\r\n                    <ul>\r\n                      <li><span style=\"font-size: 12pt;\">SUB-20 (Any de naixement 2007 \u2013 2008 &#8211; 2009 &#8211; 2010)<\/span><\/li>\r\n                      <li><span style=\"font-size: 12pt;\">SUB-23 (Any naixement 2004 &#8211; 2005 &#8211; 2006)<\/span><\/li>\r\n                      <li><span style=\"font-size: 12pt;\">S\u00e8nior (Fins 34 anys)<\/span><\/li>\r\n                      <li><span style=\"font-size: 12pt;\">Veterans 35 (De 35 a 44 anys)<\/span><\/li>\r\n                      <li><span style=\"font-size: 12pt;\">Veterans 45 (De&nbsp;45 a 54 anys)<\/span><\/li>\r\n                      <li><span style=\"font-size: 12pt;\">Veterans 55 (+ 55 anys)<\/span><\/li>\r\n                    <\/ul>\r\n                    <p><span style=\"font-size: 12pt;\">Es considerar\u00e0 formada una categoria quan hi hagi una inscripci\u00f3 major de tres atletes per categoria; quan una categoria estigui formada per un numero inferior a 3 atletes aquesta passar\u00e0 a formar part de la categoria inferior d\u2019edat, mai superior.<\/span><\/p>\r\n                    <p><strong style=\"font-size: 12pt;\">Art. 5.- Edat M\u00ednima \u2013 <\/strong><span style=\"font-size: 12pt;\">L\u2019edat m\u00ednima per participar, ser\u00e0 de 18 anys complerts el mateix dia de la prova, i no es deixar\u00e0 participar a cap atleta menor d\u2019edat. A la prova de 10 Km. L\u2019edat m\u00ednima ser\u00e0 de 16 anys.<\/span><\/p>\r\n                    <p><strong style=\"font-size: 12pt;\">Art. 6.- Classificacions \u2013 <\/strong><span style=\"font-size: 12pt;\">S\u2019establiran les seg\u00fcents classificacions; una general absoluta, una altra per categories, que determinar\u00e0 els guanyadors de cada categoria per ordre d\u2019arribada a Meta.<\/span><\/p>\r\n                    <p><strong style=\"font-size: 12pt;\">Art. 7.- Horari \u2013 <\/strong><span style=\"font-size: 12pt;\">L\u2019horari de sortida de les curses ser\u00e0 a les 09:30 h i tindran un temps m\u00e0xim de 1 hora i 10 minuts per fer els 10 km i 2 hores 30 minuts per als participants de la Mitja Marat\u00f3 Illa de Menorca.<\/span><\/p>\r\n                    <p><strong style=\"font-size: 12pt;\">Art. 8.- Entrega de dorsals \u2013 <\/strong><span style=\"font-size: 12pt;\">L\u2019entrega de dorsals es realitzar\u00e0 en la botiga ATLEET<\/span><\/p>\r\n                    <p><span style=\"font-size: 12pt;\">\u2013 AB Esports ubicada a Ciutadella, dissabte de 10h a 14h. <\/span>\r\n                      <u style=\"font-size: 12pt; color: rgb(4, 98, 193);\">Pots consultar la ubicaci\u00f3 aqu\u00ed<\/u><span style=\"font-size: 12pt;\">. Pels no residents, podeu recollir el dorsal el mateix diumenge de la cursa a partir de les 08:00 hores en la carpa habilitada ubicada a la Pla\u00e7a del Born.<\/span><\/p>\r\n                    <p><strong style=\"font-size: 12pt;\">Art. 9.- Inscripcions &#8211; <\/strong><span style=\"font-size: 12pt;\">Les inscripcions s\u2019hauran de realitzar abans del 26 d\u2019octubre de 2026, a las 22:00 hores, visitant la p\u00e0gina WEB <\/span>\r\n                      <a href=\"http:\/\/www.elitechip.net\"\r\n                        style=\"font-size: 12pt; color: rgb(4, 98, 193);\" class=\"customize-unpreviewable\">www.elitechip.net<\/a><span style=\"font-size: 12pt; color: rgb(4, 98, 193);\"> <\/span><span style=\"font-size: 12pt;\">o <\/span>\r\n                      <a href=\"http:\/\/www.mitjamenorca.com\" style=\"font-size: 12pt; color: rgb(4, 98, 193);\" class=\"customize-unpreviewable\">www.mitjamenorca.com<\/a>\r\n                    <\/p>\r\n                    <p><strong style=\"font-size: 12pt;\">Art. 9.1.- Preus:<\/strong><\/p>\r\n                    <p><strong style=\"font-size: 12pt;\">XV 10 km Illa de Menorca- El preu de la inscripci\u00f3 \u00e9s de 13 euros fins al 27-08-2026. Entre el 28 d\u2019agost i el 20 d\u2019octubre de 2026 la inscripci\u00f3 ser\u00e0 de 18 euros. Del 21 d&#8217;octubre al 26 d&#8217;octubre del 2025, el preu de la inscripci\u00f3 ser\u00e0 de 23 euros.<\/span><\/p>\r\n                    <p><strong style=\"font-size: 12pt;\">XXVI Mitja Marat\u00f3 Illa de Menorca- <\/strong><span style=\"font-size: 12pt;\">El preu de la inscripci\u00f3 \u00e9s de 20 euros fins al 27-08-2026. Entre el 28 d\u2019agost i el 20 d&#8217;octubre del 2026, el preu de la inscripci\u00f3 ser\u00e0 de 25 euros, i del 21 d&#8217;octubre al 26 d&#8217;octubre del 2026 el preu de la inscripci\u00f3 ser\u00e0 de 30 euros.<\/span><\/p>\r\n                    <p><em style=\"font-size: 12pt;\">* En aquests preus hi ha un increment de 1 euro a tots els atletes no federats en la federaci\u00f3 d\u2019atletisme.<\/em><\/p>\r\n                    <p><strong style=\"font-size: 12pt;\">Art. 9.2.- Fora de termini <\/strong><span style=\"font-size: 12pt;\">&#8211; Totes les inscripcions rebudes despr\u00e9s del 26-oct-2026 tindran un preu de 35 euros.<\/span><\/p>\r\n                    <p><strong style=\"font-size: 12pt;\">Art.9.3.- Xip blanc reutilitzable <\/strong><span style=\"font-size: 12pt;\">&#8211; Tots els atletes que no siguin propietaris d\u2019un Xip Groc hauran d\u2019abonar 2 euros per obtenir un xip blanc reutilitzable. El xip s\u2019haur\u00e0 de retornar en finalitzar la prova.<\/span><\/p>\r\n                    <p><strong style=\"font-size: 12pt;\">Art.9.4.- Format de pagament <\/strong><span style=\"font-size: 12pt;\">&#8211; El Format de pagament es pot realitzar en el mateix moment que es realitzi la inscripci\u00f3, amb targeta de cr\u00e8dit. No s\u2019acceptaran inscripcions que no vinguin acompanyades del seu corresponent rebut de pagament. En cas de que es realitzi una inscripci\u00f3 i per motius justificables no pugui participar, l\u2019organitzaci\u00f3 l\u2019hi tornar\u00e0 el 75% de la inscripci\u00f3 realitzada.<\/span><\/p>\r\n                    <p><strong style=\"font-size: 12pt;\">Art. 10.- Trofeus Obsequis <\/strong><span style=\"font-size: 12pt;\">&#8211; Hi haur\u00e0 trofeus per als 3 primers classificats de la categoria general absoluta i per als 3 primers classificats de cada categoria de les distancias de 21k i la de 10k . Els premis no s\u00f3n acumulables.<\/span><\/p>\r\n                    <p><span style=\"font-size: 12pt;\">&#8211;&nbsp;&nbsp;&nbsp;Les categories menors es donar\u00e0 una medalla als tres primers classificats de cada categoria , i a la resta dels participants rebran un obsequi commemoratiu.<\/span><\/p>\r\n                    <p><strong style=\"font-size: 12pt;\">Art. 10.1. <\/strong><span style=\"font-size: 12pt;\">Al retirar el dorsal se\u2019ls obsequiar\u00e0 amb alguns detalls per part de l\u2019organitzaci\u00f3. Tots els atletes que finalitzin el recorregut rebran un obsequi commemoratiu. Es realitzar\u00e0 diploma digital acreditatiu del seu temps i del lloc obtingut en la classificaci\u00f3 general i per categories.<\/span><\/p>\r\n                    <p><strong style=\"font-size: 12pt;\">Art. 11.- Seguretat <\/strong><span style=\"font-size: 12pt;\">&#8211; La seguretat de la prova estar\u00e0 coberta per les autoritats competents del lloc (Policia Local, Protecci\u00f3 Civil), i pel servei de seguretat de l\u2019organitzaci\u00f3. La prova comptar\u00e0 amb metge de carrera i el servei sanitaris amb Ambul\u00e0ncia amb SVA<\/span><\/p>\r\n                    <p><strong style=\"font-size: 12pt;\">Art. 12.- Control <\/strong><span style=\"font-size: 12pt;\">&#8211; El control de la Prova estar\u00e0 a c\u00e0rrec del comit\u00e8 de jutges de la F.A.I.B, que seran els encarregats del control i classificacions. El control de resultats es realitzar\u00e0 mitjan\u00e7ant Sistema de ChampionChip.<\/span><\/p>\r\n                    <p><strong style=\"font-size: 12pt;\">Art. 13.- Drets d\u2019imatge. <\/strong><span style=\"font-size: 12pt;\">L\u2019organitzaci\u00f3 podr\u00e0 utilitzar imatges, v\u00eddeos i sons dels participants durant la prova, incloent moments previs i posteriors, des de la recollida de dorsals, entrega de premis i trasllat dels participants.<\/span><\/p>\r\n                    <p><strong style=\"font-size: 12pt;\">Art. 14.- Acceptaci\u00f3 del reglament <\/strong><span style=\"font-size: 12pt;\">\u2013 El simple fet de realitzar la inscripci\u00f3 de la prova implica la total acceptaci\u00f3 de la present normativa, com altres disposicions que per qualsevol causa pugui determinar l\u2019organitzaci\u00f3. L\u2019organitzaci\u00f3 de la prova no es fa responsable de totes les situacions o actuacions que puguin sorgir fora de la seva compet\u00e8ncia o de les quals no sigui responsable directe.<\/span><\/p>\r\n                    <p><strong style=\"font-size: 12pt;\">Art.15.- Reclamacions <\/strong><span style=\"font-size: 12pt;\">\u2013 Qualsevol reclamaci\u00f3 ha d\u2019anar dirigida al jutge \u00e0rbitre de la prova per escrit, en els 30 minuts seg\u00fcents a la publicaci\u00f3 dels resultats oficials i acompanyats per un pagament de 100 euros per la seva acceptaci\u00f3. En el cas que la reclamaci\u00f3 sigui aprovada es tornar\u00e0 l\u2019import d\u2019aquesta reclamaci\u00f3.<\/span><\/p>\r\n                    <p>&nbsp;<\/p>\r\n                    \r\n                  <\/div>\r\n                <\/div>\r\n              <\/div>\r\n            <\/div>\r\n          <\/div>\r\n        <\/div>\r\n      <\/div>\r\n    <\/div>\r\n  <\/div>\r\n<\/div>","protected":false},"excerpt":{"rendered":"<p>Art. 1. Organitzaci\u00f3 \u2013La Penya Esportiva Son Mar\u00e7al Xtrem Menorca Atletisme, la Delegaci\u00f3 a Menorca de la FAIB, la Conselleria d&#8217;esports del Consell Insular de Menorca, l&#8217;Ajuntament de Ciutadella de Menorca, i produ\u00eft per l&#8217;empresa Elitechip SL, organitzen el XV 10 km Illa de Menorca i la XXVI Mitja Marat\u00f3 Illa de Menorca el proper [&hellip;]<\/p>\n","protected":false},"author":1,"featured_media":0,"parent":0,"menu_order":0,"comment_status":"closed","ping_status":"closed","template":"page-templates\/full-width-page.php","meta":{"footnotes":""},"class_list":["post-1519","page","type-page","status-publish","hentry"],"_links":{"self":[{"href":"https:\/\/mitjamenorca.com\/index.php?rest_route=\/wp\/v2\/pages\/1519","targetHints":{"allow":["GET"]}}],"collection":[{"href":"https:\/\/mitjamenorca.com\/index.php?rest_route=\/wp\/v2\/pages"}],"about":[{"href":"https:\/\/mitjamenorca.com\/index.php?rest_route=\/wp\/v2\/types\/page"}],"author":[{"embeddable":true,"href":"https:\/\/mitjamenorca.com\/index.php?rest_route=\/wp\/v2\/users\/1"}],"replies":[{"embeddable":true,"href":"https:\/\/mitjamenorca.com\/index.php?rest_route=%2Fwp%2Fv2%2Fcomments&post=1519"}],"version-history":[{"count":15,"href":"https:\/\/mitjamenorca.com\/index.php?rest_route=\/wp\/v2\/pages\/1519\/revisions"}],"predecessor-version":[{"id":1661,"href":"https:\/\/mitjamenorca.com\/index.php?rest_route=\/wp\/v2\/pages\/1519\/revisions\/1661"}],"wp:attachment":[{"href":"https:\/\/mitjamenorca.com\/index.php?rest_route=%2Fwp%2Fv2%2Fmedia&parent=1519"}],"curies":[{"name":"wp","href":"https:\/\/api.w.org\/{rel}","templated":true}]}}