{"id":1522,"date":"2022-06-29T11:44:39","date_gmt":"2022-06-29T11:44:39","guid":{"rendered":"https:\/\/mitjamenorca.com\/?page_id=1522"},"modified":"2024-07-23T12:17:49","modified_gmt":"2024-07-23T12:17:49","slug":"reglamento-media","status":"publish","type":"page","link":"https:\/\/mitjamenorca.com\/?page_id=1522&lang=es","title":{"rendered":"Reglamento media"},"content":{"rendered":"<div data-colibri-id=\"1522-c1\" class=\"style-993 style-local-1522-c1 position-relative\">\r\n  <!---->\r\n  <div data-colibri-component=\"section\" data-colibri-id=\"1522-c2\" id=\"initial-content\" class=\"h-section h-section-global-spacing d-flex align-items-lg-center align-items-md-center align-items-center style-994 style-local-1522-c2 position-relative\">\r\n    <!---->\r\n    <!---->\r\n    <div class=\"h-section-grid-container h-section-boxed-container\">\r\n      <!---->\r\n      <div data-colibri-id=\"1522-c9\" class=\"h-row-container gutters-row-lg-2 gutters-row-md-2 gutters-row-0 gutters-row-v-lg-2 gutters-row-v-md-2 gutters-row-v-2 style-1001 style-local-1522-c9 position-relative\">\r\n        <!---->\r\n        <div class=\"h-row justify-content-lg-center justify-content-md-center justify-content-center align-items-lg-stretch align-items-md-stretch align-items-stretch gutters-col-lg-2 gutters-col-md-2 gutters-col-0 gutters-col-v-lg-2 gutters-col-v-md-2 gutters-col-v-2\">\r\n          <!---->\r\n          <div class=\"h-column h-column-container d-flex h-col-lg-auto h-col-md-auto h-col-auto style-1002-outer style-local-1522-c10-outer\">\r\n            <div data-colibri-id=\"1522-c10\" class=\"d-flex h-flex-basis h-column__inner h-px-lg-2 h-px-md-2 h-px-2 v-inner-lg-2 v-inner-md-2 v-inner-2 style-1002 style-local-1522-c10 position-relative\">\r\n              <!---->\r\n              <!---->\r\n              <div class=\"w-100 h-y-container h-column__content h-column__v-align flex-basis-100 align-self-lg-start align-self-md-start align-self-start\">\r\n                <!---->\r\n                <div data-colibri-id=\"1522-c11\" class=\"h-text h-text-component style-1003 style-local-1522-c11 position-relative h-element\">\r\n                  <!---->\r\n                  <!---->\r\n                  <div class=\"\">\r\n                    <p>Art. 1. <\/span><strong style=\"font-family: TimesNewRomanPS; font-size: 11pt; font-weight: 700;\">Organizaci\u00f3n <\/strong><\/p>\r\n                    <p>\u2013La Penya Esportiva Son Mar\u00e7al Xtrem Menorca Atletismo, la Delegaci\u00f3n en Menorca de la FAIB, la Conselleria de deportes del Consejo Insular de Menorca, el Ayuntamiento de Ciutadella de Menorca, y producido por la empresa Elitechip SL, organizan el XV 10 km Isla de Menorca y la XXVI Media Marat\u00f3n Isla de Menorca el pr\u00f3ximo d\u00eda 1 de Noviembre de 2026. <\/span><\/p>\r\n                    <p>Art. 2.- <\/span>Dis<strong style=\"font-weight: 700; font-family: TimesNewRomanPS; font-size: 11pt;\">tancia <\/strong><\/p>\r\n                    <p>&#8211; Las distancias en metros, se ajustar\u00e1n a la normativa de la R.F.E.A. y ser\u00e1n las que corresponden a los recorridos de 10 km y medio marat\u00f3n (21.097 Metros) con certificado de homologaci\u00f3n. <\/span><\/p>\r\n                    <p>Art 3.- <\/span>Reco<strong style=\"font-weight: 700; font-family: TimesNewRomanPS; font-size: 11pt;\">rrido <\/strong><\/p>\r\n                    <p>&#8211; El recorrido se realizar\u00e1 en un circuito urbano por el paseo mar\u00edtimo del puerto de Ciutadella y el casco antiguo; la salida y la llegada estar\u00e1n situadas en la plaza del Borne de Ciutadella. Este consistir\u00e1 en un circuito de unos 10.000 metros y se tendr\u00e1 que realizar 1 vuelta para completar la distancia de 10.000 m y 2 vueltas para completar la distancia de 21.097 metros. En la zona de Meta estar\u00e1 situada la zona de avituallamiento. En esta edici\u00f3n el circuito estar\u00e1 completamente cerrado al tr\u00e1fico y se\u00f1alizado con conos y cinta. <\/span><\/p>\r\n                    <p>Art.4.- Categor\u00edas.<\/p>\r\n                    <p> Las categor\u00edas de la XXVI Media Marat\u00f3n Isla de Menorca son las siguientes: <\/span><\/p>\r\n                    <ul>\r\n                      <li>SUB-20 (A\u00f1o de nacimiento 2007-2008)<\/li>\r\n                      <li>SUB-23 (A\u00f1o de nacimiento 2004-2005-2006)<\/li>\r\n                      <li>Senior (Hasta 34 a\u00f1os) <\/li>\r\n                      <li>Veteranos 35 (De 35 a 39 a\u00f1os) <\/li>\r\n                      <li>Veteranos 40 (De 40 a 44 a\u00f1os) <\/li>\r\n                      <li>Veteranos 45 (De 45 a 49 a\u00f1os) <\/li>\r\n                      <li>Veteranos 50 (De 50 a 54 a\u00f1os) <\/li>\r\n                      <li>Veteranos 55 (De 55 a 59 a\u00f1os) <\/li>\r\n                      <li>Veteranos 60 (De 60 a 64 a\u00f1os) <\/li>\r\n                      <li>Veteranos 65 (+ de 65 a\u00f1os) <\/li>\r\n                    <\/ul>\r\n                    <p>\r\n                      <br>\r\n                    <\/p>\r\n                    <ul>\r\n                      <li>Las categor\u00edas del XV 10 Km Isla de Menorca son las siguientes: <\/li>\r\n                      <li>SUB-20 (A\u00f1o de nacimiento 2007 \u2013 2008 &#8211; 2009 &#8211; 2010)<\/li>\r\n                      <li>SUB-23 (A\u00f1o nacimiento 2004 &#8211; 2005 &#8211; 2006)<\/li>\r\n                      <li>Senior (Hasta 34 a\u00f1os)<\/li>\r\n                      <li>Veteranos 35 (De 35 a 44 a\u00f1os)<\/li>\r\n                      <li>Veteranos 45 (De 45 a 54 a\u00f1os) <\/li>\r\n                      <li>Veteranos 55 (+ 55 a\u00f1os) <\/li>\r\n                    <\/ul>\r\n                    <p>Se considerar\u00e1 formada una categor\u00eda cuando haya una inscripci\u00f3n mayor de tres atletas por categor\u00eda; cuando una categor\u00eda est\u00e9 formada por un n\u00famero inferior a 3 atletas esta pasar\u00e1 a formar parte de la categor\u00eda inferior de edad, nunca superior. <\/span><\/p>\r\n                    <p>Art. 5.- Edad Minima<\/p>\r\n                    <p>\u2013 La edad m\u00ednima para participar, ser\u00e1 de 18 a\u00f1os cumplidos el mismo d\u00eda de la prueba, y no se dejar\u00e1 participar a ning\u00fan atleta menor de edad. A la prueba de 10 Km la edad m\u00ednima ser\u00e1 de 16 a\u00f1os. <\/span><\/p>\r\n                    <p>Art. 6.- Clasificacion<strong style=\"font-weight: 700; font-family: TimesNewRomanPS; font-size: 11pt;\">es <\/strong><\/p>\r\n                    <p>\u2013 Se establecer\u00e1n las siguientes clasificaciones; una general absoluta, otra por categor\u00edas, que determinar\u00e1 los ganadores de cada categor\u00eda por orden de llegada a Meta. <\/span><\/p>\r\n                    <p>Arte. 7.- Horario <\/p>\r\n                    <p>\u2013 El horario de salida de las carreras ser\u00e1 a las 09:30 h y tendr\u00e1n un tiempo m\u00e1ximo de 1 hora y 10 minutos para hacer los 10 km y 2 horas 30 minutos para los participantes del Medio Marat\u00f3n Isla de Menorca. <\/span><\/p>\r\n                    <p>Art. 8.- Entrega de dors<strong style=\"font-weight: 700; font-family: TimesNewRomanPS; font-size: 11pt;\">ales <\/strong><\/p>\r\n                    <p>\u2013 La entrega de dorsales se realizar\u00e1 en la tienda ATLEET \u2013 AB Deportes ubicada en Ciutadella, s\u00e1bado de 10h a 14h. Puedes consultar la ubicaci\u00f3n aqu\u00ed. Por los no residentes, pod\u00e9is recoger el dorsal el mismo domingo de la carrera a partir de las 08:00 horas en la carpa habilitada ubicada en la Plaza del Borne. <\/span><\/p>\r\n                    <p>Art. 9.- Inscripciones <\/p>\r\n                    <p>&#8211; Las inscripciones se tendr\u00e1n que realizar antes del 26 de octubre de 2026, a las 22:00 horas, visitando la p\u00e1gina WEB <\/p>\r\n                    <p>www.elitechip.net o&nbsp; www.mitjamenorca.com <\/span><\/p>\r\n                    <p>\r\n                      <br>\r\n                    <\/p>\r\n                    <p>Art. 9.1.- Precios: <\/p>\r\n                    <p>XIV 10 km Isla de Menorca<\/strong><\/p>\r\n                    <p>&#8211; El precio de la inscripci\u00f3n es de 13 euros hasta el 27-08-2026. Entre el 28 de septiembre y el 20 de octubre de 2026 la inscripci\u00f3n ser\u00e1 de 18 euros. Del 21 de octubre al 26 de octubre de 2026, el precio de la inscripci\u00f3n ser\u00e1 de 23 euros. <\/p>\r\n                    <p>XXVI Medio Marat\u00f3n Isla de Menorca<\/strong><\/p>\r\n                    <p>&#8211; El precio de la inscripci\u00f3n es de 20 euros hasta el 27-08-2026. Entre el 28 de septiembre y el 20 de octubre de 2026, el precio de la inscripci\u00f3n ser\u00e1 de 25 euros, y del 21 de octubre al 26 de octubre de 2026 el precio de la inscripci\u00f3n ser\u00e1 de 30 euros. <\/p>\r\n                    <p>Art.9.2.-Fuera de plazo\r\n                      <br>\r\n                    <\/p>\r\n                    <p>\u2013 Todas las inscripciones recibidas despu\u00e9s del 26 de octubre de 2026 tendr\u00e1n un precio de 35 euros.<\/p>\r\n                    <p>\r\n                      <br>\r\n                    <\/p>\r\n                    <p>En caso de que se realice una inscripci\u00f3n y por motivos justificables no pueda participar, la organizaci\u00f3n se lo volver\u00e1 el 75% de la inscripci\u00f3n realizada. <\/p>\r\n                    <p>Art. 10.- Trofeos Obsequios &#8211; Habr\u00e1 trofeos para los 3 primeros clasificados de la categor\u00eda general absoluta y para los 3 primeros clasificados de cada categor\u00eda de las distancias de 21k y 10k . Los premios no son acumulables. <\/p>\r\n                    <p>Para las categor\u00edas menores habr\u00e1 una medalla para los tres primeros clasificados de cada categor\u00eda y un obsequio conmemorativo para el resto de participantes. <\/p>\r\n                    <p>Art. 10.1. Al retirar el dorsal <\/p>\r\n                    <p>se los obsequiar\u00e1 con algunos detalles por parte de la organizaci\u00f3n. Todos los atletas que finalicen el recorrido recibir\u00e1n un obsequio conmemorativo. Se realizar\u00e1 diploma digital acreditativo de su tiempo y del lugar obtenido en la clasificaci\u00f3n general y por categor\u00edas. <\/p>\r\n                    <p>Art. 11.- Seguridad <\/p>\r\n                    <p>&#8211; La seguridad de la prueba estar\u00e1 cubierta por las autoridades competentes del lugar (Polic\u00eda Local, Protecci\u00f3n Civil), y por el servicio de seguridad de la organizaci\u00f3n. La prueba contar\u00e1 con m\u00e9dico de carrera y el servicio sanitario con Ambulancia con *SVA <\/p>\r\n                    <p>Art. 12.- Control <\/p>\r\n                    <p>&#8211; El control de la Prueba estar\u00e1 a cargo del comit\u00e9 de jueces de la F.A.I.B, que ser\u00e1n los encargados del control y clasificaciones. El control de resultados se realizar\u00e1 mediante Sistema de ChampionChip. <\/span><\/p>\r\n                    <p>Arte. 13.- Derechos de imagen<\/p>\r\n                    <p>. La organizaci\u00f3n podr\u00e1 utilizar im\u00e1genes, videos y sonidos de los participantes durante la prueba, incluyendo momentos previos y posteriores, desde la recogida de dorsales, entrega de premios y traslado de los participantes. <\/p>\r\n                    <p>Art. 14.- Aceptaci\u00f3n del reglamento<\/p>\r\n                    <p>\u2013 El simple hecho de realizar la inscripci\u00f3n de la prueba implica la total aceptaci\u00f3n de la presente normativa, como otras disposiciones que por cualquier causa pueda determinar la organizaci\u00f3n. La organizaci\u00f3n de la prueba no se hace responsable de todas las situaciones o actuaciones que puedan surgir fuera de su competencia o de las cuales no sea responsable directo. <\/p>\r\n                    <p>Art.15.- Reclamaciones <\/p>\r\n                    <p>\u2013 Cualquier reclamaci\u00f3n tiene que ir dirigida al juez \u00e1rbitro de la prueba por escrito, en los 30 minutos siguientes a la publicaci\u00f3n de los resultados oficiales y acompa\u00f1ados por un pago de 100 euros por su aceptaci\u00f3n. En el supuesto de que la reclamaci\u00f3n sea aprobada se volver\u00e1 el importe de esta reclamaci\u00f3n. <\/p>\r\n                  <\/div>\r\n                <\/div>\r\n              <\/div>\r\n            <\/div>\r\n          <\/div>\r\n        <\/div>\r\n      <\/div>\r\n      <div data-colibri-id=\"1522-c3\" class=\"h-row-container gutters-row-lg-2 gutters-row-md-2 gutters-row-0 gutters-row-v-lg-2 gutters-row-v-md-2 gutters-row-v-2 style-995 style-local-1522-c3 position-relative\">\r\n        <!---->\r\n        <div class=\"h-row justify-content-lg-center justify-content-md-center justify-content-center align-items-lg-stretch align-items-md-stretch align-items-stretch gutters-col-lg-2 gutters-col-md-2 gutters-col-0 gutters-col-v-lg-2 gutters-col-v-md-2 gutters-col-v-2\">\r\n          <!---->\r\n          <div class=\"h-column h-column-container d-flex h-col-lg-auto h-col-md-auto h-col-auto style-996-outer style-local-1522-c4-outer\">\r\n            <div data-colibri-id=\"1522-c4\" class=\"d-flex h-flex-basis h-column__inner h-px-lg-2 h-px-md-2 h-px-2 v-inner-lg-2 v-inner-md-2 v-inner-2 style-996 style-local-1522-c4 position-relative\">\r\n              <!---->\r\n              <!---->\r\n              <div class=\"w-100 h-y-container h-column__content h-column__v-align flex-basis-100 align-self-lg-start align-self-md-start align-self-start\">\r\n                <!---->\r\n                <div data-colibri-id=\"1522-c5\" class=\"style-997 style-local-1522-c5 position-relative h-element\">\r\n                  <!---->\r\n                  <div>\r\n                    <div class=\"page-content\">\r\n                      <div id=\"content\" class=\"content\">\r\n                        <div class=\"style-374 style-local-547-c1 position-relative\" data-colibri-id=\"547-c1\">\r\n                          <div id=\"custom\" class=\"h-section h-section-global-spacing d-flex align-items-lg-center align-items-md-center align-items-center style-375 style-local-547-c2 position-relative\" data-colibri-component=\"section\" data-colibri-id=\"547-c2\">\r\n                            <div class=\"h-section-grid-container h-section-boxed-container\">\r\n                              <div class=\"h-row-container gutters-row-lg-2 gutters-row-md-2 gutters-row-0 gutters-row-v-lg-2 gutters-row-v-md-2 gutters-row-v-2 style-376 style-local-547-c3 position-relative\" data-colibri-id=\"547-c3\">\r\n                                <div class=\"h-row justify-content-lg-center justify-content-md-center justify-content-center align-items-lg-stretch align-items-md-stretch align-items-stretch gutters-col-lg-2 gutters-col-md-2 gutters-col-0 gutters-col-v-lg-2 gutters-col-v-md-2 gutters-col-v-2\">\r\n                                  <div class=\"h-column h-column-container d-flex h-col-lg-auto h-col-md-auto h-col-auto style-377-outer style-local-547-c4-outer\">\r\n                                    <div class=\"d-flex h-flex-basis h-column__inner h-px-lg-2 h-px-md-2 h-px-2 v-inner-lg-2 v-inner-md-2 v-inner-2 style-377 style-local-547-c4 position-relative\" data-colibri-id=\"547-c4\">\r\n                                      <div class=\"w-100 h-y-container h-column__content h-column__v-align flex-basis-100 align-self-lg-start align-self-md-start align-self-start\">\r\n                                        <div class=\"h-text h-text-component style-378 style-local-547-c5 position-relative h-element\" data-colibri-id=\"547-c5\">\r\n                                          <div class=\"\">\r\n\r\n                            \r\n                                           \r\n                                          <\/div>\r\n                                        <\/div>\r\n                                      <\/div>\r\n                                    <\/div>\r\n                                  <\/div>\r\n                                <\/div>\r\n                              <\/div>\r\n                            <\/div>\r\n                          <\/div>\r\n                        <\/div>\r\n                      <\/div>\r\n                    <\/div>\r\n                  <\/div>\r\n                <\/div>\r\n              <\/div>\r\n            <\/div>\r\n          <\/div>\r\n        <\/div>\r\n      <\/div>\r\n    <\/div>\r\n  <\/div>\r\n<\/div>","protected":false},"excerpt":{"rendered":"<p>Art. 1. Organizaci\u00f3n \u2013La Penya Esportiva Son Mar\u00e7al Xtrem Menorca Atletismo, la Delegaci\u00f3n en Menorca de la FAIB, la Conselleria de deportes del Consejo Insular de Menorca, el Ayuntamiento de Ciutadella de Menorca, y producido por la empresa Elitechip SL, organizan el XV 10 km Isla de Menorca y la XXVI Media Marat\u00f3n Isla de [&hellip;]<\/p>\n","protected":false},"author":1,"featured_media":0,"parent":0,"menu_order":0,"comment_status":"closed","ping_status":"closed","template":"page-templates\/full-width-page.php","meta":{"footnotes":""},"class_list":["post-1522","page","type-page","status-publish","hentry"],"_links":{"self":[{"href":"https:\/\/mitjamenorca.com\/index.php?rest_route=\/wp\/v2\/pages\/1522","targetHints":{"allow":["GET"]}}],"collection":[{"href":"https:\/\/mitjamenorca.com\/index.php?rest_route=\/wp\/v2\/pages"}],"about":[{"href":"https:\/\/mitjamenorca.com\/index.php?rest_route=\/wp\/v2\/types\/page"}],"author":[{"embeddable":true,"href":"https:\/\/mitjamenorca.com\/index.php?rest_route=\/wp\/v2\/users\/1"}],"replies":[{"embeddable":true,"href":"https:\/\/mitjamenorca.com\/index.php?rest_route=%2Fwp%2Fv2%2Fcomments&post=1522"}],"version-history":[{"count":18,"href":"https:\/\/mitjamenorca.com\/index.php?rest_route=\/wp\/v2\/pages\/1522\/revisions"}],"predecessor-version":[{"id":1668,"href":"https:\/\/mitjamenorca.com\/index.php?rest_route=\/wp\/v2\/pages\/1522\/revisions\/1668"}],"wp:attachment":[{"href":"https:\/\/mitjamenorca.com\/index.php?rest_route=%2Fwp%2Fv2%2Fmedia&parent=1522"}],"curies":[{"name":"wp","href":"https:\/\/api.w.org\/{rel}","templated":true}]}}