{"id":186,"date":"2021-03-02T12:31:59","date_gmt":"2021-03-02T12:31:59","guid":{"rendered":"https:\/\/mitjamenorca.com\/?page_id=186"},"modified":"2026-02-05T06:46:49","modified_gmt":"2026-02-05T06:46:49","slug":"front-page-espanol","status":"publish","type":"page","link":"https:\/\/mitjamenorca.com\/?page_id=186&lang=es","title":{"rendered":"Front Page &#8211; Espa\u00f1ol"},"content":{"rendered":"\n<div class=\"style-357 style-local-186-c1 position-relative\" data-colibri-id=\"186-c1\">\n<div id=\"overlappable-2\" class=\"h-section h-section-global-spacing d-flex align-items-lg-center align-items-md-center align-items-center style-362 style-local-186-c2 position-relative\" data-colibri-component=\"section\" data-colibri-id=\"186-c2\">\n<div class=\"h-section-grid-container h-section-boxed-container\">\n<div class=\"h-row-container gutters-row-lg-2 gutters-row-md-0 gutters-row-2 gutters-row-v-lg-2 gutters-row-v-md-0 gutters-row-v-2 style-363 style-local-186-c3 position-relative\" data-colibri-id=\"186-c3\">\n<div class=\"h-row justify-content-lg-center justify-content-md-center justify-content-center align-items-lg-stretch align-items-md-stretch align-items-stretch gutters-col-lg-2 gutters-col-md-0 gutters-col-2 gutters-col-v-lg-2 gutters-col-v-md-0 gutters-col-v-2\">\n<div class=\"h-column h-column-container d-flex h-col-lg-6 h-col-md-6 h-col-12 style-370-outer style-local-186-c4-outer\">\n<div class=\"d-flex h-flex-basis h-column__inner h-px-lg-2 h-px-md-3 h-px-2 v-inner-lg-2 v-inner-md-3 v-inner-2 style-370 style-local-186-c4 position-relative\" data-colibri-id=\"186-c4\">\n<div class=\"w-100 h-y-container h-column__content h-column__v-align flex-basis-100 align-self-lg-start align-self-md-start align-self-start\">\n<div class=\"d-block style-368 style-local-186-c5 position-relative h-element\" data-colibri-id=\"186-c5\">\n<div class=\"h-image__frame-container-outer\">\n<div class=\"h-image__frame-container\">\n<figure><img decoding=\"async\" class=\"wp-image-1588 style-368-image style-local-186-c5-image\" src=\"https:\/\/mitjamenorca.com\/wp-content\/uploads\/2026\/02\/MITJA-MARATO-CARTELL-2026-2.jpg\" alt=\"\" \/><\/figure><p><\/p>\n<div class=\"h-image__frame h-hide-lg h-hide-md h-hide-sm style-368-frameImage style-local-186-c5-frameImage\">&nbsp;<\/div>\n<\/div>\n<\/div>\n<\/div>\n<div class=\"h-global-transition-all h-heading style-366 style-local-186-c6 position-relative h-element\" data-colibri-id=\"186-c6\">\n<div class=\"h-heading__outer style-366 style-local-186-c6\">\n<h5 class=\"\">MITJA MARAT\u00d3 DE MENORCA<\/h5>\n<\/div>\n<\/div>\n<div class=\"h-text h-text-component style-367 style-local-186-c7 position-relative h-element\" data-colibri-id=\"186-c7\">\n<div class=\"\">\n<p>La empresa Elitechip SL, El Club Menorca Atletisme, la Delegaci\u00f3n en Menorca de la FAIB, la Conselleria d&#8217;Esports del Consell Insular de Menorca, el Ajuntament de Ciutadella de Menorca, organizan&nbsp;la XXV Mitja Marat\u00f3 &#8220;Illa de Menorca&#8221;,&nbsp;el<br>10 km Illa de Menorca y la Cursa Popular que se celebrar\u00e1 el pr\u00f3ximo 1 de noviembre de 2026.<\/p>\n<\/div>\n<\/div>\n<\/div>\n<\/div>\n<\/div>\n<\/div>\n<\/div>\n<\/div>\n<\/div>\n<\/div>\n<\/div>\n<\/div>\n\n\n<div class=\"wp-block-image\">\n<figure class=\"aligncenter size-full is-resized\"><img loading=\"lazy\" decoding=\"async\" width=\"512\" height=\"512\" src=\"https:\/\/mitjamenorca.com\/wp-content\/uploads\/2021\/03\/cropped-cropped-cropped-cropped-logo_menorca-1.jpg\" alt=\"\" class=\"wp-image-1759\" style=\"width:243px;height:auto\" srcset=\"https:\/\/mitjamenorca.com\/wp-content\/uploads\/2021\/03\/cropped-cropped-cropped-cropped-logo_menorca-1.jpg 512w, https:\/\/mitjamenorca.com\/wp-content\/uploads\/2021\/03\/cropped-cropped-cropped-cropped-logo_menorca-1-300x300.jpg 300w, https:\/\/mitjamenorca.com\/wp-content\/uploads\/2021\/03\/cropped-cropped-cropped-cropped-logo_menorca-1-150x150.jpg 150w, https:\/\/mitjamenorca.com\/wp-content\/uploads\/2021\/03\/cropped-cropped-cropped-cropped-logo_menorca-1-100x100.jpg 100w, https:\/\/mitjamenorca.com\/wp-content\/uploads\/2021\/03\/cropped-cropped-cropped-cropped-logo_menorca-1-270x270.jpg 270w, https:\/\/mitjamenorca.com\/wp-content\/uploads\/2021\/03\/cropped-cropped-cropped-cropped-logo_menorca-1-192x192.jpg 192w, https:\/\/mitjamenorca.com\/wp-content\/uploads\/2021\/03\/cropped-cropped-cropped-cropped-logo_menorca-1-180x180.jpg 180w, https:\/\/mitjamenorca.com\/wp-content\/uploads\/2021\/03\/cropped-cropped-cropped-cropped-logo_menorca-1-32x32.jpg 32w\" sizes=\"auto, (max-width: 512px) 100vw, 512px\" \/><\/figure>\n<\/div>\n\n\n<div class=\"wp-block-columns are-vertically-aligned-center is-layout-flex wp-container-core-columns-is-layout-9d6595d7 wp-block-columns-is-layout-flex\">\n<div class=\"wp-block-column is-vertically-aligned-center is-layout-flow wp-block-column-is-layout-flow\" style=\"flex-basis:20px\"><\/div>\n\n\n\n<div class=\"wp-block-column is-vertically-aligned-center is-layout-flow wp-block-column-is-layout-flow\"><div class=\"wp-block-image\">\n<figure class=\"aligncenter size-large is-resized\"><img loading=\"lazy\" decoding=\"async\" width=\"1024\" height=\"476\" src=\"https:\/\/mitjamenorca.com\/wp-content\/uploads\/2025\/08\/Illes_Balears_Sostenibles_CAT-1024x476.png\" alt=\"\" class=\"wp-image-1813\" style=\"aspect-ratio:2.151300275208318;width:252px;height:auto\" srcset=\"https:\/\/mitjamenorca.com\/wp-content\/uploads\/2025\/08\/Illes_Balears_Sostenibles_CAT-1024x476.png 1024w, https:\/\/mitjamenorca.com\/wp-content\/uploads\/2025\/08\/Illes_Balears_Sostenibles_CAT-300x140.png 300w, https:\/\/mitjamenorca.com\/wp-content\/uploads\/2025\/08\/Illes_Balears_Sostenibles_CAT-768x357.png 768w, https:\/\/mitjamenorca.com\/wp-content\/uploads\/2025\/08\/Illes_Balears_Sostenibles_CAT.png 1182w\" sizes=\"auto, (max-width: 1024px) 100vw, 1024px\" \/><\/figure>\n<\/div><\/div>\n\n\n\n<div class=\"wp-block-column is-vertically-aligned-center is-layout-flow wp-block-column-is-layout-flow\"><div class=\"wp-block-image\">\n<figure class=\"aligncenter size-large is-resized\"><img loading=\"lazy\" decoding=\"async\" width=\"1024\" height=\"332\" src=\"https:\/\/mitjamenorca.com\/wp-content\/uploads\/2025\/08\/GOVERN_IB_V_COL3-e1770114164563-1024x332.png\" alt=\"\" class=\"wp-image-1815\" style=\"aspect-ratio:3.084310032639499;width:241px;height:auto\" srcset=\"https:\/\/mitjamenorca.com\/wp-content\/uploads\/2025\/08\/GOVERN_IB_V_COL3-e1770114164563-1024x332.png 1024w, https:\/\/mitjamenorca.com\/wp-content\/uploads\/2025\/08\/GOVERN_IB_V_COL3-e1770114164563-300x97.png 300w, https:\/\/mitjamenorca.com\/wp-content\/uploads\/2025\/08\/GOVERN_IB_V_COL3-e1770114164563-768x249.png 768w, https:\/\/mitjamenorca.com\/wp-content\/uploads\/2025\/08\/GOVERN_IB_V_COL3-e1770114164563.png 1063w\" sizes=\"auto, (max-width: 1024px) 100vw, 1024px\" \/><\/figure>\n<\/div><\/div>\n\n\n\n<div class=\"wp-block-column is-vertically-aligned-center is-layout-flow wp-block-column-is-layout-flow\" style=\"flex-basis:20px\"><\/div>\n<\/div>\n\n\n\n<div class=\"wp-block-columns is-layout-flex wp-container-core-columns-is-layout-9d6595d7 wp-block-columns-is-layout-flex\">\n<div class=\"wp-block-column is-layout-flow wp-block-column-is-layout-flow\" style=\"flex-basis:20%\"><\/div>\n\n\n\n<div class=\"wp-block-column is-layout-flow wp-block-column-is-layout-flow\" style=\"flex-basis:25%\"><div class=\"wp-block-image\">\n<figure class=\"aligncenter size-full is-resized\"><img loading=\"lazy\" decoding=\"async\" width=\"150\" height=\"150\" src=\"https:\/\/mitjamenorca.com\/wp-content\/uploads\/2021\/07\/consell_menorca-150x150-1.png\" alt=\"\" class=\"wp-image-1330\" style=\"width:141px;height:auto\"\/><\/figure>\n<\/div><\/div>\n\n\n\n<div class=\"wp-block-column is-layout-flow wp-block-column-is-layout-flow\"><\/div>\n\n\n\n<div class=\"wp-block-column is-vertically-aligned-center is-layout-flow wp-block-column-is-layout-flow\" style=\"flex-basis:25%\">\n<figure class=\"wp-block-image size-full\"><img loading=\"lazy\" decoding=\"async\" width=\"279\" height=\"116\" src=\"https:\/\/mitjamenorca.com\/wp-content\/uploads\/2021\/07\/Ajuntament-de-ciutadella.png\" alt=\"\" class=\"wp-image-1331\"\/><\/figure>\n<\/div>\n\n\n\n<div class=\"wp-block-column is-layout-flow wp-block-column-is-layout-flow\" style=\"flex-basis:10%\"><\/div>\n<\/div>\n\n\n\n<div class=\"wp-block-columns is-layout-flex wp-container-core-columns-is-layout-9d6595d7 wp-block-columns-is-layout-flex\">\n<div class=\"wp-block-column is-layout-flow wp-block-column-is-layout-flow\" style=\"flex-basis:20%\"><\/div>\n\n\n\n<div class=\"wp-block-column is-vertically-aligned-center is-layout-flow wp-block-column-is-layout-flow\" style=\"flex-basis:25%\"><div class=\"wp-block-image\">\n<figure class=\"aligncenter size-full is-resized\"><img loading=\"lazy\" decoding=\"async\" width=\"1087\" height=\"317\" src=\"https:\/\/mitjamenorca.com\/wp-content\/uploads\/2021\/07\/Menorca-illa-esport.png\" alt=\"\" class=\"wp-image-1339\" style=\"width:123px;height:auto\" srcset=\"https:\/\/mitjamenorca.com\/wp-content\/uploads\/2021\/07\/Menorca-illa-esport.png 1087w, https:\/\/mitjamenorca.com\/wp-content\/uploads\/2021\/07\/Menorca-illa-esport-300x87.png 300w, https:\/\/mitjamenorca.com\/wp-content\/uploads\/2021\/07\/Menorca-illa-esport-1024x299.png 1024w, https:\/\/mitjamenorca.com\/wp-content\/uploads\/2021\/07\/Menorca-illa-esport-768x224.png 768w\" sizes=\"auto, (max-width: 1087px) 100vw, 1087px\" \/><\/figure>\n<\/div><\/div>\n\n\n\n<div class=\"wp-block-column is-layout-flow wp-block-column-is-layout-flow\"><\/div>\n\n\n\n<div class=\"wp-block-column is-layout-flow wp-block-column-is-layout-flow\" style=\"flex-basis:25%\"><div class=\"wp-block-image\">\n<figure class=\"aligncenter size-full is-resized\"><img loading=\"lazy\" decoding=\"async\" width=\"4501\" height=\"4501\" src=\"https:\/\/mitjamenorca.com\/wp-content\/uploads\/2021\/07\/PDF_AZUL.png\" alt=\"\" class=\"wp-image-1340\" style=\"width:74px;height:auto\" srcset=\"https:\/\/mitjamenorca.com\/wp-content\/uploads\/2021\/07\/PDF_AZUL.png 4501w, https:\/\/mitjamenorca.com\/wp-content\/uploads\/2021\/07\/PDF_AZUL-300x300.png 300w, https:\/\/mitjamenorca.com\/wp-content\/uploads\/2021\/07\/PDF_AZUL-1024x1024.png 1024w, https:\/\/mitjamenorca.com\/wp-content\/uploads\/2021\/07\/PDF_AZUL-150x150.png 150w, https:\/\/mitjamenorca.com\/wp-content\/uploads\/2021\/07\/PDF_AZUL-768x768.png 768w, https:\/\/mitjamenorca.com\/wp-content\/uploads\/2021\/07\/PDF_AZUL-1536x1536.png 1536w, https:\/\/mitjamenorca.com\/wp-content\/uploads\/2021\/07\/PDF_AZUL-2048x2048.png 2048w\" sizes=\"auto, (max-width: 4501px) 100vw, 4501px\" \/><\/figure>\n<\/div><\/div>\n\n\n\n<div class=\"wp-block-column is-layout-flow wp-block-column-is-layout-flow\" style=\"flex-basis:10%\"><\/div>\n<\/div>\n\n\n\n<div class=\"wp-block-columns is-layout-flex wp-container-core-columns-is-layout-9d6595d7 wp-block-columns-is-layout-flex\">\n<div class=\"wp-block-column is-layout-flow wp-block-column-is-layout-flow\" style=\"flex-basis:20%\"><\/div>\n\n\n\n<div class=\"wp-block-column is-vertically-aligned-center is-layout-flow wp-block-column-is-layout-flow\" style=\"flex-basis:25%\"><div class=\"wp-block-image\">\n<figure class=\"aligncenter size-full\"><img loading=\"lazy\" decoding=\"async\" width=\"391\" height=\"129\" src=\"https:\/\/mitjamenorca.com\/wp-content\/uploads\/2021\/07\/logoelitexip.png\" alt=\"\" class=\"wp-image-1356\" srcset=\"https:\/\/mitjamenorca.com\/wp-content\/uploads\/2021\/07\/logoelitexip.png 391w, https:\/\/mitjamenorca.com\/wp-content\/uploads\/2021\/07\/logoelitexip-300x99.png 300w\" sizes=\"auto, (max-width: 391px) 100vw, 391px\" \/><\/figure>\n<\/div><\/div>\n\n\n\n<div class=\"wp-block-column is-layout-flow wp-block-column-is-layout-flow\"><\/div>\n\n\n\n<div class=\"wp-block-column is-layout-flow wp-block-column-is-layout-flow\" style=\"flex-basis:25%\"><div class=\"wp-block-image\">\n<figure class=\"aligncenter size-full\"><img loading=\"lazy\" decoding=\"async\" width=\"1531\" height=\"811\" src=\"https:\/\/mitjamenorca.com\/wp-content\/uploads\/2021\/07\/elitetracks.jpg\" alt=\"\" class=\"wp-image-1355\" srcset=\"https:\/\/mitjamenorca.com\/wp-content\/uploads\/2021\/07\/elitetracks.jpg 1531w, https:\/\/mitjamenorca.com\/wp-content\/uploads\/2021\/07\/elitetracks-300x159.jpg 300w, https:\/\/mitjamenorca.com\/wp-content\/uploads\/2021\/07\/elitetracks-1024x542.jpg 1024w, https:\/\/mitjamenorca.com\/wp-content\/uploads\/2021\/07\/elitetracks-768x407.jpg 768w\" sizes=\"auto, (max-width: 1531px) 100vw, 1531px\" \/><\/figure>\n<\/div><\/div>\n\n\n\n<div class=\"wp-block-column is-layout-flow wp-block-column-is-layout-flow\" style=\"flex-basis:10%\"><\/div>\n<\/div>\n\n\n\n<div class=\"wp-block-columns is-layout-flex wp-container-core-columns-is-layout-9d6595d7 wp-block-columns-is-layout-flex\">\n<div class=\"wp-block-column is-layout-flow wp-block-column-is-layout-flow\" style=\"flex-basis:20%\"><\/div>\n\n\n\n<div class=\"wp-block-column is-vertically-aligned-center is-layout-flow wp-block-column-is-layout-flow\" style=\"flex-basis:25%\"><div class=\"wp-block-image\">\n<figure class=\"aligncenter size-full\"><img loading=\"lazy\" decoding=\"async\" width=\"1600\" height=\"331\" src=\"https:\/\/mitjamenorca.com\/wp-content\/uploads\/2024\/07\/WhatsApp-Image-2024-07-18-at-09.37.50.jpeg\" alt=\"\" class=\"wp-image-1674\" srcset=\"https:\/\/mitjamenorca.com\/wp-content\/uploads\/2024\/07\/WhatsApp-Image-2024-07-18-at-09.37.50.jpeg 1600w, https:\/\/mitjamenorca.com\/wp-content\/uploads\/2024\/07\/WhatsApp-Image-2024-07-18-at-09.37.50-300x62.jpeg 300w, https:\/\/mitjamenorca.com\/wp-content\/uploads\/2024\/07\/WhatsApp-Image-2024-07-18-at-09.37.50-1024x212.jpeg 1024w, https:\/\/mitjamenorca.com\/wp-content\/uploads\/2024\/07\/WhatsApp-Image-2024-07-18-at-09.37.50-768x159.jpeg 768w, https:\/\/mitjamenorca.com\/wp-content\/uploads\/2024\/07\/WhatsApp-Image-2024-07-18-at-09.37.50-1536x318.jpeg 1536w\" sizes=\"auto, (max-width: 1600px) 100vw, 1600px\" \/><\/figure>\n<\/div><\/div>\n\n\n\n<div class=\"wp-block-column is-layout-flow wp-block-column-is-layout-flow\"><\/div>\n\n\n\n<div class=\"wp-block-column is-layout-flow wp-block-column-is-layout-flow\" style=\"flex-basis:25%\"><div class=\"wp-block-image\">\n<figure class=\"aligncenter size-full\"><img loading=\"lazy\" decoding=\"async\" width=\"630\" height=\"320\" src=\"https:\/\/mitjamenorca.com\/wp-content\/uploads\/2021\/07\/balearia-logo-nou.jpg\" alt=\"\" class=\"wp-image-1365\" srcset=\"https:\/\/mitjamenorca.com\/wp-content\/uploads\/2021\/07\/balearia-logo-nou.jpg 630w, https:\/\/mitjamenorca.com\/wp-content\/uploads\/2021\/07\/balearia-logo-nou-300x152.jpg 300w\" sizes=\"auto, (max-width: 630px) 100vw, 630px\" \/><\/figure>\n<\/div><\/div>\n\n\n\n<div class=\"wp-block-column is-layout-flow wp-block-column-is-layout-flow\" style=\"flex-basis:10%\"><\/div>\n<\/div>\n\n\n\n<div class=\"wp-block-columns is-layout-flex wp-container-core-columns-is-layout-9d6595d7 wp-block-columns-is-layout-flex\">\n<div class=\"wp-block-column is-vertically-aligned-center is-layout-flow wp-block-column-is-layout-flow\" style=\"flex-basis:20%\"><\/div>\n\n\n\n<div class=\"wp-block-column is-vertically-aligned-center is-layout-flow wp-block-column-is-layout-flow\" style=\"flex-basis:25%\"><div class=\"wp-block-image\">\n<figure class=\"aligncenter size-full is-resized\"><img loading=\"lazy\" decoding=\"async\" width=\"1024\" height=\"569\" src=\"https:\/\/mitjamenorca.com\/wp-content\/uploads\/2021\/04\/quely-1024x569-1.jpg\" alt=\"\" class=\"wp-image-1175\" style=\"aspect-ratio:1.7997428781820328;width:95px;height:auto\" srcset=\"https:\/\/mitjamenorca.com\/wp-content\/uploads\/2021\/04\/quely-1024x569-1.jpg 1024w, https:\/\/mitjamenorca.com\/wp-content\/uploads\/2021\/04\/quely-1024x569-1-300x167.jpg 300w, https:\/\/mitjamenorca.com\/wp-content\/uploads\/2021\/04\/quely-1024x569-1-768x427.jpg 768w\" sizes=\"auto, (max-width: 1024px) 100vw, 1024px\" \/><\/figure>\n<\/div><\/div>\n\n\n\n<div class=\"wp-block-column is-layout-flow wp-block-column-is-layout-flow\" style=\"flex-basis:30px\"><\/div>\n\n\n\n<div class=\"wp-block-column is-layout-flow wp-block-column-is-layout-flow\" style=\"flex-basis:25%\"><div class=\"wp-block-image\">\n<figure class=\"aligncenter size-large is-resized\"><img loading=\"lazy\" decoding=\"async\" width=\"1024\" height=\"542\" src=\"https:\/\/mitjamenorca.com\/wp-content\/uploads\/2021\/07\/queso-1024x542.jpg\" alt=\"\" class=\"wp-image-1367\" style=\"aspect-ratio:1.8893736847229399;width:173px;height:auto\"\/><\/figure>\n<\/div><\/div>\n<\/div>\n\n\n\n\n<div id=\"reusable-sections-3\" class=\"h-section h-section-global-spacing d-flex align-items-lg-start align-items-md-start align-items-start style-875 style-local-186-c12 position-relative\" data-colibri-component=\"section\" data-colibri-id=\"186-c12\">\n<div class=\"h-section-grid-container h-section-boxed-container\">\n<div class=\"h-row-container gutters-row-lg-2 gutters-row-md-2 gutters-row-0 gutters-row-v-lg-2 gutters-row-v-md-2 gutters-row-v-2 style-876 style-local-186-c13 position-relative\" data-colibri-id=\"186-c13\">\n<div class=\"h-row justify-content-lg-center justify-content-md-center justify-content-center align-items-lg-stretch align-items-md-stretch align-items-stretch gutters-col-lg-2 gutters-col-md-2 gutters-col-0 gutters-col-v-lg-2 gutters-col-v-md-2 gutters-col-v-2\">\n<div class=\"h-column h-column-container d-flex h-col-lg-auto h-col-md-auto h-col-auto style-877-outer style-local-186-c14-outer\">\n<div class=\"d-flex h-flex-basis h-column__inner h-px-lg-2 h-px-md-2 h-px-2 v-inner-lg-2 v-inner-md-2 v-inner-2 style-877 style-local-186-c14 position-relative\" data-colibri-id=\"186-c14\">\n<div class=\"w-100 h-y-container h-column__content h-column__v-align flex-basis-100 align-self-lg-start align-self-md-start align-self-start\">\n<div class=\"d-block style-878 style-local-186-c15 position-relative h-element\" data-colibri-id=\"186-c15\">\n<div class=\"h-image__frame-container-outer\">\n<p>&nbsp;<\/p>\n<div class=\"h-image__frame-container\">\n<div class=\"h-image__frame h-hide-lg h-hide-md h-hide-sm style-878-frameImage style-local-186-c15-frameImage\">&nbsp;<\/div>\n<\/div>\n<p>&nbsp;<\/p>\n<\/div>\n<\/div>\n<\/div>\n<\/div>\n<\/div>\n<\/div>\n<\/div>\n\n\n\n\n\n\n\n\n<div id=\"aboutesp\" class=\"h-section h-section-global-spacing d-flex align-items-lg-center align-items-md-center align-items-center style-412 style-local-186-c43 position-relative\" data-colibri-component=\"section\" data-colibri-id=\"186-c43\">\n<div class=\"background-wrapper\">\n<div class=\"background-layer background-layer-media-container-lg\">\n<div class=\"overlay-layer\">\n<div class=\"overlay-image-layer\" style=\"background-image: linear-gradient(90deg, #ffffff 40%, rgba(0, 0, 0, 0) 40%);\">&nbsp;<\/div>\n<\/div>\n<\/div>\n<div class=\"background-layer background-layer-media-container-md\">\n<div class=\"overlay-layer\">\n<div class=\"overlay-image-layer\" style=\"background-image: linear-gradient(90deg, #ffffff 40%, rgba(0, 0, 0, 0) 40%);\">&nbsp;<\/div>\n<\/div>\n<\/div>\n<div class=\"background-layer background-layer-media-container\">\n<div class=\"overlay-layer\">\n<div class=\"overlay-image-layer\" style=\"background-image: linear-gradient(90deg, #ffffff 40%, rgba(0, 0, 0, 0) 40%);\">&nbsp;<\/div>\n<\/div>\n<\/div>\n<\/div>\n<p>&nbsp;<\/p>\n<div class=\"h-section-grid-container h-section-boxed-container\">\n<div class=\"h-row-container gutters-row-lg-2 gutters-row-md-2 gutters-row-2 gutters-row-v-lg-2 gutters-row-v-md-2 gutters-row-v-2 style-413 style-local-186-c44 position-relative\" data-colibri-id=\"186-c44\">\n<div class=\"h-row justify-content-lg-start justify-content-md-start justify-content-start align-items-lg-stretch align-items-md-stretch align-items-stretch gutters-col-lg-2 gutters-col-md-2 gutters-col-2 gutters-col-v-lg-2 gutters-col-v-md-2 gutters-col-v-2\">\n<div class=\"h-column h-column-container d-flex h-col-lg-auto h-col-md-auto h-col-auto style-414-outer style-local-186-c45-outer\">\n<div class=\"d-flex h-flex-basis h-column__inner h-px-lg-0 h-px-md-0 h-px-0 v-inner-lg-0 v-inner-md-0 v-inner-0 style-414 style-local-186-c45 position-relative\" data-colibri-id=\"186-c45\">\n<div class=\"w-100 h-y-container h-column__content h-column__v-align flex-basis-100 align-self-lg-center align-self-md-center align-self-center\">\n<div class=\"h-global-transition-all h-heading style-415 style-local-186-c46 position-relative h-element\" data-colibri-id=\"186-c46\">\n<div class=\"h-heading__outer style-415 style-local-186-c46\">\n<h5 class=\"\">ELITECHIP<\/h5>\n<\/div>\n<\/div>\n<div class=\"h-global-transition-all h-heading style-416 style-local-186-c47 position-relative h-element\" data-colibri-id=\"186-c47\">\n<div class=\"h-heading__outer style-416 style-local-186-c47\">\n<h2 class=\"\">Gesti\u00f3n de eventos deportivos<\/h2>\n<\/div>\n<\/div>\n<div class=\"h-text h-text-component style-417 style-local-186-c48 position-relative h-element\" data-colibri-id=\"186-c48\">\n<div class=\"\">\n<p>EliteChip es una empresa joven especializada en la organizaci\u00f3n y cronometraje de carreras y todo tipo de eventos deportivos. En muy poco tiempo, nos hemos convertido en la empresa de referencia del sector en las Islas Baleares, ofreciendo<br>un servicio integral en la gesti\u00f3n de una competici\u00f3n siempre dentro de los m\u00e1s altos par\u00e1metros de calidad, seguridad y eficacia.<\/p>\n<\/div>\n<\/div>\n<div class=\"h-text h-text-component style-418 style-local-186-c49 position-relative h-element\" data-colibri-id=\"186-c49\">\n<div class=\"\">\n<p>ELITECHIP SL<\/p>\n<p>C\/Vel\u00e1zquez, 8A<\/p>\n<p>07760 \u2013 Ciutadella de Menorca<\/p>\n<\/div>\n<\/div>\n<div class=\"h-x-container style-501 style-local-186-c50 position-relative h-element\" data-colibri-id=\"186-c50\">\n<div class=\"h-x-container-inner style-dynamic-186-c50-group style-501-spacing style-local-186-c50-spacing\"><span class=\"h-link__outer style-502-outer style-local-186-c51-outer d-inline-flex h-element\"><a class=\"d-flex w-100 align-items-center h-link style-502 style-local-186-c51 position-relative\" href=\"mailto:info@elitechip.net\" data-colibri-id=\"186-c51\"> info@elitechip.net<\/a><br><\/span><\/div>\n<\/div>\n<\/div>\n<\/div>\n<\/div>\n<\/div>\n<\/div>\n<\/div>\n<\/div>\n<\/div>\n","protected":false},"excerpt":{"rendered":"<p>&nbsp; MITJA MARAT\u00d3 DE MENORCA La empresa Elitechip SL, El Club Menorca Atletisme, la Delegaci\u00f3n en Menorca de la FAIB, la Conselleria d&#8217;Esports del Consell Insular de Menorca, el Ajuntament de Ciutadella de Menorca, organizan&nbsp;la XXV Mitja Marat\u00f3 &#8220;Illa de Menorca&#8221;,&nbsp;el10 km Illa de Menorca y la Cursa Popular que se celebrar\u00e1 el pr\u00f3ximo 1 [&hellip;]<\/p>\n","protected":false},"author":1,"featured_media":0,"parent":0,"menu_order":0,"comment_status":"closed","ping_status":"closed","template":"page-templates\/full-width-page.php","meta":{"footnotes":""},"class_list":["post-186","page","type-page","status-publish","hentry"],"_links":{"self":[{"href":"https:\/\/mitjamenorca.com\/index.php?rest_route=\/wp\/v2\/pages\/186","targetHints":{"allow":["GET"]}}],"collection":[{"href":"https:\/\/mitjamenorca.com\/index.php?rest_route=\/wp\/v2\/pages"}],"about":[{"href":"https:\/\/mitjamenorca.com\/index.php?rest_route=\/wp\/v2\/types\/page"}],"author":[{"embeddable":true,"href":"https:\/\/mitjamenorca.com\/index.php?rest_route=\/wp\/v2\/users\/1"}],"replies":[{"embeddable":true,"href":"https:\/\/mitjamenorca.com\/index.php?rest_route=%2Fwp%2Fv2%2Fcomments&post=186"}],"version-history":[{"count":20,"href":"https:\/\/mitjamenorca.com\/index.php?rest_route=\/wp\/v2\/pages\/186\/revisions"}],"predecessor-version":[{"id":1926,"href":"https:\/\/mitjamenorca.com\/index.php?rest_route=\/wp\/v2\/pages\/186\/revisions\/1926"}],"wp:attachment":[{"href":"https:\/\/mitjamenorca.com\/index.php?rest_route=%2Fwp%2Fv2%2Fmedia&parent=186"}],"curies":[{"name":"wp","href":"https:\/\/api.w.org\/{rel}","templated":true}]}}