{"id":547,"date":"2021-03-05T10:40:01","date_gmt":"2021-03-05T10:40:01","guid":{"rendered":"https:\/\/mitjamenorca.com\/?page_id=547"},"modified":"2025-09-09T09:06:46","modified_gmt":"2025-09-09T09:06:46","slug":"reglamento-21km-menorca","status":"publish","type":"page","link":"https:\/\/mitjamenorca.com\/?page_id=547&lang=es","title":{"rendered":"Reglamento 21km Menorca"},"content":{"rendered":"<div data-colibri-id=\"547-c1\" class=\"style-374 style-local-547-c1 position-relative\">\r\n  <!---->\r\n  <div data-colibri-component=\"section\" data-colibri-id=\"547-c2\" id=\"custom\" class=\"h-section h-section-global-spacing d-flex align-items-lg-center align-items-md-center align-items-center style-375 style-local-547-c2 position-relative\">\r\n    <!---->\r\n    <!---->\r\n    <div class=\"h-section-grid-container h-section-boxed-container\">\r\n      <!---->\r\n      <div data-colibri-id=\"547-c3\" class=\"h-row-container gutters-row-lg-2 gutters-row-md-2 gutters-row-0 gutters-row-v-lg-2 gutters-row-v-md-2 gutters-row-v-2 style-376 style-local-547-c3 position-relative\">\r\n        <!---->\r\n        <div class=\"h-row justify-content-lg-center justify-content-md-center justify-content-center align-items-lg-stretch align-items-md-stretch align-items-stretch gutters-col-lg-2 gutters-col-md-2 gutters-col-0 gutters-col-v-lg-2 gutters-col-v-md-2 gutters-col-v-2\">\r\n          <!---->\r\n          <div class=\"h-column h-column-container d-flex h-col-lg-auto h-col-md-auto h-col-auto style-377-outer style-local-547-c4-outer\">\r\n            <div data-colibri-id=\"547-c4\" class=\"d-flex h-flex-basis h-column__inner h-px-lg-2 h-px-md-2 h-px-2 v-inner-lg-2 v-inner-md-2 v-inner-2 style-377 style-local-547-c4 position-relative\">\r\n              <!---->\r\n              <!---->\r\n              <div class=\"w-100 h-y-container h-column__content h-column__v-align flex-basis-100 align-self-lg-start align-self-md-start align-self-start\">\r\n                <!---->\r\n                <div data-colibri-id=\"547-c5\" class=\"h-text h-text-component style-378 style-local-547-c5 position-relative h-element\">\r\n                  <!---->\r\n                  <!---->\r\n                  <div class=\"\">\r\n                    <p><strong>Art. 1. Organizaci\u00f3n \u2013<\/strong> A cargo de la empresa Elitechip SL, El Club Menorca Atletisme, la Delegaci\u00f3n en Menorca de la FAIB, la Consejer\u00eda de deportes del Consell Insular de Menorca, el Ayuntamiento de Ciutadella de\r\n                      Menorca, organizan el X 10 km Illa de Menorca y la XXI Mitja Marat\u00f3 &#8220;Illa de Menorca&#8221;, a celebrar el pr\u00f3ximo d\u00eda 21 de noviembre de 2021.<\/p>\r\n                    <p><strong>Art. 2.- Distancia &#8211;<\/strong> Las distancias en metros, ser\u00e1n las que corresponde a los recorridos de 10 km y media marat\u00f3n (21.097 Metros).<\/p>\r\n                    <p><strong>Art.3.- Recorrido &#8211;<\/strong> El recorrido se realizar\u00e1 en un circuito urbano por el paseo mar\u00edtimo del puerto de Ciutadella y el casco antiguo; la salida y la meta estar\u00e1n situadas en la plaza del Borne de Ciutadella. Este\r\n                      consistir\u00e1 en un circuito de unos 10.000 metros y se tendr\u00e1 que realizar 1 vuelta para completar la distancia de 10.000 m y 2 vueltas para completar la distancia de 21.097 metros. En la zona de Meta estar\u00e1 situada la zona de avituallamiento.\r\n                      (Debido a la incidencia de la Covid-19, este a\u00f1o no habr\u00e1 servicios de Finish Experience en post meta, se har\u00e1 entrega de una bolsa con avituallamiento y productos de los patrocinadores). El servicio de guardarropa y fisioterapia\r\n                      s\u00f3lo se realizar\u00e1 en caso justificado y de extrema necesidad, previo aviso. En esta edici\u00f3n el circuito estar\u00e1 completamente cerrado al tr\u00e1fico y se\u00f1alizado con conos y cinta.<\/p>\r\n                    <p><strong>Art.4.- Categor\u00edas. &#8211;<\/strong> Las categor\u00edas de la XXI Mitja Marat\u00f3 Illa de Menorca son las siguientes:&nbsp;<\/p>\r\n                    <p>Junior&nbsp;&nbsp;&nbsp;&nbsp;&nbsp;&nbsp;&nbsp;&nbsp;&nbsp;&nbsp;&nbsp;&nbsp;&nbsp;&nbsp;&nbsp;&nbsp;&nbsp;&nbsp;&nbsp;&nbsp;&nbsp;&nbsp;&nbsp;&nbsp;&nbsp;&nbsp;(A\u00f1o nacimiento 2003-2004)&nbsp;<\/p>\r\n                    <p>Promesa&nbsp;&nbsp;&nbsp;&nbsp;&nbsp;&nbsp;&nbsp;&nbsp;&nbsp;&nbsp;&nbsp;&nbsp;&nbsp;&nbsp;&nbsp;&nbsp;&nbsp;&nbsp;&nbsp;&nbsp;&nbsp;&nbsp;(A\u00f1o nacimiento 2000-2001-2002)&nbsp;<\/p>\r\n                    <p>Senior&nbsp;&nbsp;&nbsp;&nbsp;&nbsp;&nbsp;&nbsp;&nbsp;&nbsp;&nbsp;&nbsp;&nbsp;&nbsp;&nbsp;&nbsp;&nbsp;&nbsp;&nbsp;&nbsp;&nbsp;&nbsp;&nbsp;&nbsp;&nbsp;&nbsp;(Hasta 34 a\u00f1os) <\/p>\r\n                    <p>Veteranos 35&nbsp;&nbsp;&nbsp;&nbsp;&nbsp;&nbsp;&nbsp;&nbsp;&nbsp;&nbsp;&nbsp;&nbsp;&nbsp;&nbsp;&nbsp;(De 35 a 39 a\u00f1os)&nbsp;<\/p>\r\n                    <p>Veteranos 40&nbsp;&nbsp;&nbsp;&nbsp;&nbsp;&nbsp;&nbsp;&nbsp;&nbsp;&nbsp;&nbsp;&nbsp;&nbsp;&nbsp;&nbsp;(De 40 a 44 a\u00f1os)&nbsp;<\/p>\r\n                    <p>Veteranos 45&nbsp;&nbsp;&nbsp;&nbsp;&nbsp;&nbsp;&nbsp;&nbsp;&nbsp;&nbsp;&nbsp;&nbsp;&nbsp;&nbsp;&nbsp;(De 45 a 49 a\u00f1os)&nbsp;<\/p>\r\n                    <p>Veteranos 50&nbsp;&nbsp;&nbsp;&nbsp;&nbsp;&nbsp;&nbsp;&nbsp;&nbsp;&nbsp;&nbsp;&nbsp;&nbsp;&nbsp;&nbsp;(De 50 a 54 a\u00f1os)&nbsp;<\/p>\r\n                    <p>Veteranos 55&nbsp;&nbsp;&nbsp;&nbsp;&nbsp;&nbsp;&nbsp;&nbsp;&nbsp;&nbsp;&nbsp;&nbsp;&nbsp;&nbsp;&nbsp;(De 55 a 59 a\u00f1os)&nbsp;<\/p>\r\n                    <p>Veteranos 60&nbsp;&nbsp;&nbsp;&nbsp;&nbsp;&nbsp;&nbsp;&nbsp;&nbsp;&nbsp;&nbsp;&nbsp;&nbsp;&nbsp;&nbsp;(De 60 a 64 a\u00f1os)&nbsp;<\/p>\r\n                    <p>Veteranos 65&nbsp;&nbsp;&nbsp;&nbsp;&nbsp;&nbsp;&nbsp;&nbsp;&nbsp;&nbsp;&nbsp;&nbsp;&nbsp;&nbsp;&nbsp;(+ de 65 a\u00f1os)&nbsp;<\/p>\r\n                    <p>&#8211;<strong> Las categor\u00edas del X 10 Km Illa de Menorca son las siguientes:<\/strong>&nbsp;<\/p>\r\n                    <p>Juvenil &#8211; Junior (A\u00f1o nacimiento 2003 \u2013 2004 \u2013 2005)&nbsp;<\/p>\r\n                    <p>Promesa (A\u00f1o nacimiento 2000-2001-2002)&nbsp;<\/p>\r\n                    <p>Senior (Hasta 39 a\u00f1os)&nbsp;<\/p>\r\n                    <p>Veteranos 40 (+ 40 a\u00f1os)&nbsp;<\/p>\r\n                    <p>Se considerar\u00e1 formada una categor\u00eda cuando exista una inscripci\u00f3n mayor de 3 atletas por categor\u00eda; cuando una categor\u00eda este formada por un n\u00famero inferior a 3 atletas esta pasar\u00e1 a formar parte de la categor\u00eda inferior edad, nunca\r\n                      de edad superior.&nbsp;<\/p>\r\n                    <p><strong>Art. 5.- Edad M\u00ednima &#8211;<\/strong> La edad m\u00ednima para participar, ser\u00e1 de 18 a\u00f1os cumplidos el mismo d\u00eda de la prueba, y no se dejar\u00e1 participar a ning\u00fan atleta menor de edad. En la prueba de 10 Km. La edad m\u00ednima ser\u00e1 de 16\r\n                      a\u00f1os.&nbsp;<\/p>\r\n                    <p><strong>Art. 6.- Clasificaciones &#8211;<\/strong> Se establecer\u00e1n las siguientes clasificaciones; una general absoluta, otra por categor\u00edas, que determinara los ganadores de cada categor\u00eda por orden de llegada a Meta.&nbsp;<\/p>\r\n                    <p><strong>Art. 7.- Horario \u2013<\/strong> El horario de salida de las carreras ser\u00e1 a las 10:00 h y tendr\u00e1n un tiempo m\u00e1ximo para realizar el recorrido de: 1 hora y 10 minutos para realizar los 10 km y 2 horas 30 minutos para la media marat\u00f3n.<\/p>\r\n                    <p><strong>Art. 8.- Entrega de dorsales \u2013<\/strong> La entrega de dorsales se realizar\u00e1 en la tienda ATLEET &#8211; AB Esports situada en Ciutadella, a partir del mi\u00e9rcoles 17 de noviembre hasta el s\u00e1bado 20 de noviembre. Se har\u00e1 la entrega en los siguientes horarios en horario comercial: mi\u00e9rcoles por la tarde, jueves y viernes de 10h a 13:30h y de 17:30 hasta las 20:30, s\u00e1bado, de 10h a 14h. Para los no residentes e inscripciones que se tramiten a partir del Miercoles, podreis recoger el dorsal el mismo domingo de la carrera a partir de les 08:00 horas en la carpa habilitada situada en la Pla\u00e7a del Born.<a href=\"https:\/\/www.google.es\/maps\/place\/ABesports\/@40.005273,3.8416155,17z\/data=!3m1!4b1!4m5!3m4!1s0x12be040cecbcc42b:0xbb3ac61edebbc545!8m2!3d40.0052716!4d3.8438034\" target=\"_blank\" class=\"customize-unpreviewable\" rel=\"noopener\">Puede consultar la ubicaci\u00f3n aqu\u00ed.<\/a>&nbsp;<\/p>\r\n                    <p><strong>Art. 9.- Inscripciones &#8211;<\/strong> Las inscripciones se tendr\u00e1n que realizar antes del 19 de novembre de 2021, a las 22:00 horas, visitando la p\u00e1gina WEB www.elitechip.net o\r\n                      <a href=\"http:\/\/www.mitjamenorca.com\" class=\"customize-unpreviewable\">www.mitjamenorca.com<\/a>&nbsp;<\/p>\r\n                    <p><strong>INSCRIPCIONES.&nbsp;MEDIDAS EXCEPCIONALES COVID19<\/strong><\/p>\r\n                    <p>En caso de suspensi\u00f3n definitiva de la edici\u00f3n del a\u00f1o 2021 debido a la crisis sanitaria, se realizar\u00e1 la devoluci\u00f3n de la inscripci\u00f3n del 100% del importe.&nbsp;<\/p>\r\n                    <p><strong>Art. 9.1.- Precio:&nbsp;<\/strong><\/p>\r\n                    <p>X 10 km Illa de Menorca &#8211; El precio de la inscripci\u00f3n es de 12 euros hasta el 18-10-2021. Entre el 19 de octubre y el 16 de noviembre de 2021, el precio de la inscripci\u00f3n ser\u00e1 de 15 euros, y del 17 de noviembre al 19 de noviembre de\r\n                      2021, el precio de la inscripci\u00f3n ser\u00e1 de 19 euros.&nbsp;XXI Mitja Marat\u00f3 Illa de Menorca &#8211; El precio de la inscripci\u00f3n es de 18 euros hasta el 18-10-2021. Entre el 19 de octubre y el 16 de noviembre de 2021, el precio de la inscripci\u00f3n\r\n                      ser\u00e1 de 21 euros, y del 17 de noviembre al 19 de noviembre de 2021 el precio de la inscripci\u00f3n ser\u00e1 de 25 \u20ac.&nbsp;<\/p>\r\n                    <p>&#8211; En estos precios hay un incremento de 1 euro a todos los atletas no federados en la federaci\u00f3n de atletismo.&nbsp;<\/p>\r\n                    <p><strong>Art. 9.2.- Fuera de plazo &#8211;<\/strong> Todas las inscripciones recibidas despu\u00e9s del 19-nov-2021 tendr\u00e1n un precio de 30 euros.&nbsp;<\/p>\r\n                    <p><strong>Art.9.3.- Chip Blanco reutilizable &#8211;<\/strong> Todos los atletas que no sean propietarios de un Chip Amarillo deben abonar 2 euros para obtener un chip blanco reutilizable. El chip se deber\u00e1 devolver al finalizar la prueba.&nbsp;<\/p>\r\n                    <p><strong>Art.9.4.- Forma de pago &#8211;<\/strong> La Forma de pago se puede realizar en el mismo momento que se realice la inscripci\u00f3n, con tarjeta de cr\u00e9dito. No se aceptar\u00e1n inscripciones que no vengan acompa\u00f1adas de su correspondiente\r\n                      recibo de pago. En el caso que se realice una inscripci\u00f3n y por motivos justificables no pueda participar, la organizaci\u00f3n le devolver\u00e1 el 75% de la inscripci\u00f3n realizada, hasta 1 semana antes del inicio de la competici\u00f3n.&nbsp;<\/p>\r\n                    <p><strong>Art. 10.- Trofeos Obsequios &#8211;<\/strong> Habr\u00e1 trofeo para los 3 primeros clasificados de la categor\u00eda general absoluta y para los 3 primeros clasificados de cada categor\u00eda. LOS PREMIOS NO SON ACUMULABLES.&nbsp;<\/p>\r\n                    <p><strong>Art. 10.1.<\/strong> Al retirar el dorsal se le obsequiar\u00e1 con algunos detalles por parte de la organizaci\u00f3n. Todos los atletas que finalicen el recorrido recibir\u00e1n un obsequio conmemorativo. Se realizar\u00e1 diploma digital acreditativo\r\n                      de su tiempo y del lugar conseguido en la clasificaci\u00f3n general y por categor\u00edas.&nbsp;<\/p>\r\n                    <p><strong>Art. 11.- Seguridad &#8211;<\/strong> La seguridad de la prueba estar\u00e1 cubierta por las autoridades competentes del lugar (Polic\u00eda Local, Protecci\u00f3n Civil), y por el servicio de seguridad de la organizaci\u00f3n. La prueba contar\u00e1 con\r\n                      m\u00e9dico de carrera y el servicio de la Cruz Roja.&nbsp;<\/p>\r\n                    <p><strong>Art. 12.- Control &#8211;<\/strong> El control de la Prueba estar\u00e1 a cargo por el comit\u00e9 de jueces de la F.A.I.B, que ser\u00e1n los encargados del control y clasificaciones. El control de resultados se realizar\u00e1 mediante Sistema de ChampionChip.&nbsp;<\/p>\r\n                    <p><strong>Art. 13.- Derechos de imagen.<\/strong> La organizaci\u00f3n podr\u00e1 utilizar im\u00e1genes, videos y sonido de los participantes durante la prueba, incluyendo momentos previos y posteriores, desde la recogida de dorsales, entrega de premios\r\n                      y traslado de los participantes.&nbsp;<\/p>\r\n                    <p><strong>Art. 14.- Aceptaci\u00f3n de reglamento &#8211;<\/strong> El simple hecho de realizar la inscripci\u00f3n de la prueba implica la total aceptaci\u00f3n de la presente normativa, como otras disposiciones que por cualquier causa pueda determinar la\r\n                      organizaci\u00f3n. La organizaci\u00f3n de la prueba no se hace responsable de todas las situaciones o actuaciones que puedan surgir fuera de su competencia o de las cuales no sea responsable directo.&nbsp;<\/p>\r\n                    <p><strong>Art.15.- Reclamaciones &#8211;<\/strong> Cualquier reclamaci\u00f3n tiene que ir dirigida al juez \u00e1rbitro de la prueba por escrito, en los 30 minutos siguientes a la publicaci\u00f3n de los resultados oficiales y acompa\u00f1ados por un pago de\r\n                      100 \u20ac para su aceptaci\u00f3n. En el caso que la reclamaci\u00f3n sea aprobada se devolver\u00e1 el importe de dicha reclamaci\u00f3n.<\/p>\r\n                    <h4><strong>Reglamento Cursa Popular<\/strong><\/h4>\r\n                    <p><strong>Art. 1. Organizaci\u00f3n \u2013 <\/strong>A cargo de la empresa Elitechip SL, el Club Menorca Atletisme Intersport, la Delegaci\u00f3n en Menorca de la FAIB, la Consejer\u00eda de deportes del Consell Insular de Menorca, el Ayuntamiento de Ciutadella\r\n                      de Menorca, organizan la XX Cursa Popular &#8220;Illa de Menorca&#8221;, a celebrar el pr\u00f3ximo 19 de noviembre de 2021 a las 13:00 horas, en la Plaza del Born de Ciutadella de Menorca.<\/p>\r\n                    <p><strong>Art. 2. Tipo de competici\u00f3n \u2013<\/strong> La competici\u00f3n se llevar\u00e1 a t\u00e9rmino de acuerdo con la normativa de ruta de la federaci\u00f3n Balear de Atletismo de les Illes Balears para la temporada 2020\/2021<\/p>\r\n                    <p><strong>Art.3.- Recorrido &#8211;<\/strong> El recorrido se realizar\u00e1 por el centro de Ciutadella con salida en la plaza des Born y llegada al mismo sitio con una distancia de 4500 metros. Para las categor\u00edas menores se habilitar\u00e1 un recorrido\r\n                      especial adaptado a las diferentes edades. (Debido a la incidencia de la Covid-19, este a\u00f1o no habr\u00e1 servicios de Finish Experience en post meta, se har\u00e1 entrega de una bolsa con avituallamiento y productos de los patrocinadores).\r\n                      El servicio de guardarropa y fisioterapia s\u00f3lo se realizar\u00e1 en caso justificado y de extrema necesidad, previo aviso. En esta edici\u00f3n, el circuito estar\u00e1 completamente cerrado al tr\u00e1fico y se\u00f1alizado con conos y cinta.<\/p>\r\n                    <p><strong>Art. 4. Categor\u00edas &#8211;<\/strong> Las categor\u00edas de la XX Cursa Popular Illa de Menorca son las siguientes:&nbsp;Masculino y femenino&nbsp;<\/p>\r\n                    <p>Baby (a\u00f1o de nacimiento 2018, 2019, 2020, 2021)&nbsp;<\/p>\r\n                    <p>Iniciaci\u00f3n (a\u00f1o de nacimiento 2016 y 2017)&nbsp;<\/p>\r\n                    <p>Benjam\u00edn (a\u00f1o de nacimiento 2014 y 2015)&nbsp;<\/p>\r\n                    <p>Alev\u00edn (a\u00f1o de nacimiento 2012 y 2013)&nbsp;<\/p>\r\n                    <p>Infantil (a\u00f1o de nacimiento 2010 y 2011)&nbsp;<\/p>\r\n                    <p>Cadete (a\u00f1o de nacimiento 2008 y 2009)&nbsp;<\/p>\r\n                    <p>Juvenil &#8211; J\u00fanior (a\u00f1o de nacimiento 2004 a 2007)&nbsp;<\/p>\r\n                    <p>S\u00e9nior (a\u00f1o de nacimiento 2003 al 1982)&nbsp;<\/p>\r\n                    <p>Veteranos (40 a\u00f1os o m\u00e1s)&nbsp;<\/p>\r\n                    <p><strong>Art. 5. Clasificaciones \u2013<\/strong> Se establecen las clasificaciones por categor\u00edas, que determinaran los ganadores de cada categor\u00eda por orden de llegada a meta<\/p>\r\n                    <p><strong>Art. 6. Horario \u2013<\/strong> La salida se realizar\u00e1 a las 10:00 horas en la pla\u00e7a del Born de Ciutadella, juntamente con la XXI Mitja Marat\u00f3 Illa de Menorca y los 10 km. Habr\u00e1 una salida especial para las categor\u00edas: iniciaci\u00f3n,\r\n                      benjam\u00edn, alev\u00edn e infantil.<\/p>\r\n                    <p><strong>Art. 7.- Entrega de dorsales \u2013<\/strong> La entrega de dorsales se realizar\u00e1 en la tienda ATLEET &#8211; AB Esports situada en Ciutadella, a partir del mi\u00e9rcoles 17 de noviembre hasta el s\u00e1bado 20 de noviembre. Se har\u00e1 la entrega en los siguientes horarios en horario comercial: mi\u00e9rcoles por la tarde, jueves y viernes de 10h a 13:30h y de 17:30 hasta las 20:30, s\u00e1bado, de 10h a 14h. Para los no residentes e inscripciones que se tramiten a partir del Miercoles, podreis recoger el dorsal el mismo domingo de la carrera a partir de les 08:00 horas en la carpa habilitada situada en la Pla\u00e7a del Born.<a href=\"https:\/\/www.google.es\/maps\/place\/ABesports\/@40.005273,3.8416155,17z\/data=!3m1!4b1!4m5!3m4!1s0x12be040cecbcc42b:0xbb3ac61edebbc545!8m2!3d40.0052716!4d3.8438034\" target=\"_blank\" class=\"customize-unpreviewable\" rel=\"noopener\">Puede consultar la ubicaci\u00f3n aqu\u00ed.<\/a>&nbsp;<\/p>\r\n                    <p><strong>Art. 8. Inscripciones \u2013<\/strong> Las inscripciones, se tienen que realizar antes del 19 de noviembre de 2021 a las 22:00, en la p\u00e1gina web www.elitechip.net. El precio de inscripci\u00f3n es de 5 \u20ac (+2\u20ac de chip blanco reutilizable).\r\n                      El pago de la inscripci\u00f3n se realizar\u00e1 con tarjeta de cr\u00e9dito a trav\u00e9s de la web.<\/p>\r\n                    <p><strong>INSCRIPCIONES. MEDIDAS EXCEPCIONALES COVID-19<\/strong><\/p>\r\n                    <p>En caso de suspensi\u00f3n definitiva de la edici\u00f3n del a\u00f1o 2021 debido a la crisis sanitaria, se realizar\u00e1 la devoluci\u00f3n de la inscripci\u00f3n del 100% del importe.<\/p>\r\n                    <p><strong>Art. 9. Trofeos y obsequios \u2013<\/strong> Habr\u00e1 trofeo para los tres primeros clasificados de cada categor\u00eda. Al retirar el dorsal los corredores recibir\u00e1n la bolsa del corredor con un obsequio de la organizaci\u00f3n. Todos los que\r\n                      finalicen el recorrido recibir\u00e1n un obsequio conmemorativo.<\/p>\r\n                    <p><strong>Art. 10.- Seguridad &#8211;<\/strong> La seguridad de la prueba estar\u00e1 cubierta por las autoridades competentes del lugar (Polic\u00eda Local, Protecci\u00f3n Civil), y por el servicio de seguridad de la organizaci\u00f3n. La prueba contar\u00e1 con\r\n                      m\u00e9dico de carrera y el servicio de la Cruz Roja.<\/p>\r\n                    <p><strong>Art. 11.- Control &#8211;<\/strong> El control de la Prueba estar\u00e1 a cargo por el comit\u00e9 de jueces de la F.A.I.B, que ser\u00e1n los encargados del control y clasificaciones. El control de resultados se realizar\u00e1 mediante Sistema de ChampionChip.<\/p>\r\n                    <p><strong>Art. 12.- Derechos de imagen &#8211;<\/strong> La organizaci\u00f3n podr\u00e1 utilizar im\u00e1genes, videos y sonido de los participantes durante la prueba, incluyendo momentos previos y posteriores, desde la recogida de dorsales, entrega de premios\r\n                      y traslado de los participantes.<\/p>\r\n                    <p><strong>Art. 13.- Aceptaci\u00f3n de reglamento \u2013<\/strong> El simple hecho de realizar la inscripci\u00f3n de la prueba implica la total aceptaci\u00f3n de la presente normativa, como otras disposiciones que por cualquier causa pueda determinar la\r\n                      organizaci\u00f3n. La organizaci\u00f3n de la prueba no se hace responsable de todas las situaciones o actuaciones que puedan surgir fuera de su competencia o de las cuales no sea responsable directo.<\/p>\r\n                    <p><strong>Art. 14.- Reclamaciones \u2013<\/strong> Cualquier reclamaci\u00f3n tiene que ir dirigida al juez \u00e1rbitro de la prueba por escrito, en los 30 minutos siguientes a la publicaci\u00f3n de los resultados oficiales y acompa\u00f1ados por un pago de\r\n                      100 \u20ac para su aceptaci\u00f3n. En el caso que la reclamaci\u00f3n sea aprobada se devolver\u00e1 el importe de dicha reclamaci\u00f3n.&nbsp;<\/p>\r\n                  <\/div>\r\n                <\/div>\r\n              <\/div>\r\n            <\/div>\r\n          <\/div>\r\n        <\/div>\r\n      <\/div>\r\n    <\/div>\r\n  <\/div>\r\n<\/div>","protected":false},"excerpt":{"rendered":"<p>Art. 1. Organizaci\u00f3n \u2013 A cargo de la empresa Elitechip SL, El Club Menorca Atletisme, la Delegaci\u00f3n en Menorca de la FAIB, la Consejer\u00eda de deportes del Consell Insular de Menorca, el Ayuntamiento de Ciutadella de Menorca, organizan el X 10 km Illa de Menorca y la XXI Mitja Marat\u00f3 &#8220;Illa de Menorca&#8221;, a celebrar [&hellip;]<\/p>\n","protected":false},"author":1,"featured_media":0,"parent":0,"menu_order":0,"comment_status":"closed","ping_status":"closed","template":"page-templates\/full-width-page.php","meta":{"footnotes":""},"class_list":["post-547","page","type-page","status-publish","hentry"],"_links":{"self":[{"href":"https:\/\/mitjamenorca.com\/index.php?rest_route=\/wp\/v2\/pages\/547","targetHints":{"allow":["GET"]}}],"collection":[{"href":"https:\/\/mitjamenorca.com\/index.php?rest_route=\/wp\/v2\/pages"}],"about":[{"href":"https:\/\/mitjamenorca.com\/index.php?rest_route=\/wp\/v2\/types\/page"}],"author":[{"embeddable":true,"href":"https:\/\/mitjamenorca.com\/index.php?rest_route=\/wp\/v2\/users\/1"}],"replies":[{"embeddable":true,"href":"https:\/\/mitjamenorca.com\/index.php?rest_route=%2Fwp%2Fv2%2Fcomments&post=547"}],"version-history":[{"count":7,"href":"https:\/\/mitjamenorca.com\/index.php?rest_route=\/wp\/v2\/pages\/547\/revisions"}],"predecessor-version":[{"id":1842,"href":"https:\/\/mitjamenorca.com\/index.php?rest_route=\/wp\/v2\/pages\/547\/revisions\/1842"}],"wp:attachment":[{"href":"https:\/\/mitjamenorca.com\/index.php?rest_route=%2Fwp%2Fv2%2Fmedia&parent=547"}],"curies":[{"name":"wp","href":"https:\/\/api.w.org\/{rel}","templated":true}]}}